{"id":2406,"date":"2014-06-19T21:23:57","date_gmt":"2014-06-20T01:23:57","guid":{"rendered":"https:\/\/isabelleradford.com\/?page_id=2406"},"modified":"2025-04-10T05:23:04","modified_gmt":"2025-04-10T09:23:04","slug":"me-joindre","status":"publish","type":"page","link":"https:\/\/isabelleradford.com\/fr\/me-joindre\/","title":{"rendered":"Contactez-moi!"},"content":{"rendered":"<p><!--:fr-->Chers futurs mari\u00e9s,<\/p>\n<p>Je vous invite \u00e0 m&rsquo;\u00e9crire un petit mot, il me fera plaisir d&rsquo;y r\u00e9pondre dans les plus brefs d\u00e9lais tout en partageant avec vous les informations souhait\u00e9es.<br \/>\nSelon votre pr\u00e9f\u00e9rence, vous pourrez \u00e9galement me contacter par t\u00e9l\u00e9phone.<\/p>\n<ul>\n<li>Num\u00e9ro de t\u00e9l\u00e9phone 418 681-1109<\/li>\n<li>Il me fera plaisir de vous assister.<\/li>\n<\/ul>\n<p>F\u00e9licitations!<br \/>\nIsabelle<\/p>\n<p>S.V.P. INCLURE CES INFORMATIONS \u00c0 VOTRE MESSAGE. MERCI.<br \/>\nNom des mari\u00e9s :<br \/>\nAdresse courriel :<br \/>\nVille \/ pays de r\u00e9sidence actuel :<br \/>\nNum\u00e9ro de t\u00e9l\u00e9phone :<\/p>\n<p>VOTRE \u00c9V\u00c9NEMENT:<br \/>\nDates potentielles souhait\u00e9es :<br \/>\nNombre d&rsquo;invit\u00e9s estim\u00e9:<br \/>\nDestination &#8211; ville souhait\u00e9e:<\/p>\n<p>VOTRE MESSAGE:<!--:--><br \/>\n\n<div class=\"wpcf7 no-js\" id=\"wpcf7-f10310-o1\" lang=\"\" dir=\"ltr\" data-wpcf7-id=\"10310\">\n<div class=\"screen-reader-response\"><p role=\"status\" aria-live=\"polite\" aria-atomic=\"true\"><\/p> <ul><\/ul><\/div>\n<form action=\"\/fr\/wp-json\/wp\/v2\/pages\/2406#wpcf7-f10310-o1\" method=\"post\" class=\"wpcf7-form init\" aria-label=\"Formulaire de contact\" novalidate=\"novalidate\" data-status=\"init\">\n<fieldset class=\"hidden-fields-container\"><input type=\"hidden\" name=\"_wpcf7\" value=\"10310\" \/><input type=\"hidden\" name=\"_wpcf7_version\" value=\"6.1.5\" \/><input type=\"hidden\" name=\"_wpcf7_locale\" value=\"\" \/><input type=\"hidden\" name=\"_wpcf7_unit_tag\" value=\"wpcf7-f10310-o1\" \/><input type=\"hidden\" name=\"_wpcf7_container_post\" value=\"0\" \/><input type=\"hidden\" name=\"_wpcf7_posted_data_hash\" value=\"\" \/><input type=\"hidden\" name=\"_wpcf7_recaptcha_response\" value=\"\" \/>\n<\/fieldset>\n<p><label> Votre nom (requis)<br \/>\n<span class=\"wpcf7-form-control-wrap\" data-name=\"your-name\"><input size=\"40\" maxlength=\"400\" class=\"wpcf7-form-control wpcf7-text wpcf7-validates-as-required\" aria-required=\"true\" aria-invalid=\"false\" value=\"\" type=\"text\" name=\"your-name\" \/><\/span> <\/label>\n<\/p>\n<p><label> Votre courriel (requis)<br \/>\n<span class=\"wpcf7-form-control-wrap\" data-name=\"your-email\"><input size=\"40\" maxlength=\"400\" class=\"wpcf7-form-control wpcf7-email wpcf7-validates-as-required wpcf7-text wpcf7-validates-as-email\" aria-required=\"true\" aria-invalid=\"false\" value=\"\" type=\"email\" name=\"your-email\" \/><\/span> <\/label>\n<\/p>\n<p><label> Sujet<br \/>\n<span class=\"wpcf7-form-control-wrap\" data-name=\"your-subject\"><input size=\"40\" maxlength=\"400\" class=\"wpcf7-form-control wpcf7-text\" aria-invalid=\"false\" value=\"\" type=\"text\" name=\"your-subject\" \/><\/span> <\/label>\n<\/p>\n<p><label> Votre message<br \/>\n<span class=\"wpcf7-form-control-wrap\" data-name=\"your-message\"><textarea cols=\"40\" rows=\"10\" maxlength=\"2000\" class=\"wpcf7-form-control wpcf7-textarea wpcf7-validates-as-required\" aria-required=\"true\" aria-invalid=\"false\" name=\"your-message\"><\/textarea><\/span> <\/label>\n<\/p>\n<p><input class=\"wpcf7-form-control wpcf7-submit has-spinner\" type=\"submit\" value=\"Envoyer\" \/>\n<\/p><div class=\"fusion-alert alert custom alert-custom fusion-alert-center wpcf7-response-output awb-alert-native-link-color alert-dismissable awb-alert-close-boxed\" style=\"--awb-border-size:1px;--awb-border-top-left-radius:0px;--awb-border-top-right-radius:0px;--awb-border-bottom-left-radius:0px;--awb-border-bottom-right-radius:0px;\" role=\"alert\"><div class=\"fusion-alert-content-wrapper\"><span class=\"fusion-alert-content\"><\/span><\/div><button type=\"button\" class=\"close toggle-alert\" data-dismiss=\"alert\" aria-label=\"Close\">&times;<\/button><\/div>\n<\/form>\n<\/div>\n<\/p>\n<p><a href=\"\/\/www.pinterest.com\/pin\/create\/button\/\" data-pin-do=\"buttonBookmark\" data-pin-color=\"red\" data-pin-height=\"128\"><img decoding=\"async\" src=\"\/\/assets.pinterest.com\/images\/pidgets\/pinit_fg_en_rect_red_28.png\" \/><\/a><\/p>","protected":false},"excerpt":{"rendered":"<p>Chers futurs mari\u00e9s, Je vous invite \u00e0 m&rsquo;\u00e9crire un petit  [&#8230;]<\/p>\n","protected":false},"author":2,"featured_media":0,"parent":0,"menu_order":8,"comment_status":"open","ping_status":"closed","template":"","meta":{"footnotes":""},"class_list":["post-2406","page","type-page","status-publish","hentry"],"aioseo_notices":[],"_links":{"self":[{"href":"https:\/\/isabelleradford.com\/fr\/wp-json\/wp\/v2\/pages\/2406","targetHints":{"allow":["GET"]}}],"collection":[{"href":"https:\/\/isabelleradford.com\/fr\/wp-json\/wp\/v2\/pages"}],"about":[{"href":"https:\/\/isabelleradford.com\/fr\/wp-json\/wp\/v2\/types\/page"}],"author":[{"embeddable":true,"href":"https:\/\/isabelleradford.com\/fr\/wp-json\/wp\/v2\/users\/2"}],"replies":[{"embeddable":true,"href":"https:\/\/isabelleradford.com\/fr\/wp-json\/wp\/v2\/comments?post=2406"}],"version-history":[{"count":5,"href":"https:\/\/isabelleradford.com\/fr\/wp-json\/wp\/v2\/pages\/2406\/revisions"}],"predecessor-version":[{"id":10554,"href":"https:\/\/isabelleradford.com\/fr\/wp-json\/wp\/v2\/pages\/2406\/revisions\/10554"}],"wp:attachment":[{"href":"https:\/\/isabelleradford.com\/fr\/wp-json\/wp\/v2\/media?parent=2406"}],"curies":[{"name":"wp","href":"https:\/\/api.w.org\/{rel}","templated":true}]}}