{"id":2366,"date":"2013-04-27T13:49:25","date_gmt":"2013-04-27T17:49:25","guid":{"rendered":"https:\/\/isabelleradford.com\/forfait-mariage-intime"},"modified":"2018-03-26T13:50:42","modified_gmt":"2018-03-26T17:50:42","slug":"forfait-mariage-intime","status":"publish","type":"page","link":"https:\/\/isabelleradford.com\/fr\/mes-services\/forfait-mariage-intime\/","title":{"rendered":"Forfait mariage intime"},"content":{"rendered":"<p><strong><a href=\"https:\/\/isabelleradford.com\/wp-content\/uploads\/2013\/04\/Capture-PHOTO-ESCAPADE.png\"><img decoding=\"async\" class=\"alignnone size-full wp-image-1074\" src=\"https:\/\/isabelleradford.com\/wp-content\/uploads\/2013\/04\/Capture-PHOTO-ESCAPADE.png\" alt=\"Capture PHOTO ESCAPADE\" width=\"926\" height=\"415\" srcset=\"https:\/\/isabelleradford.com\/wp-content\/uploads\/2013\/04\/Capture-PHOTO-ESCAPADE-300x134.png 300w, https:\/\/isabelleradford.com\/wp-content\/uploads\/2013\/04\/Capture-PHOTO-ESCAPADE.png 926w\" sizes=\"(max-width: 926px) 100vw, 926px\" \/><\/a><\/strong><\/p>\n<p><strong>C\u2019est avec plaisir que je cr\u00e9erai pour vous une c\u00e9r\u00e9monie escapade nuptiale personnalis\u00e9e en fonction de vos pr\u00e9f\u00e9rences. Ainsi, vous pourrez d\u00e9terminer la ville ou le lieu de votre choix, que ce soit un site enchanteur ext\u00e9rieur ou int\u00e9rieur, sous le ciel bleu ou au clair de lune en soir\u00e9e. Tout est possible!<\/strong><\/p>\n<p><strong>\u00c0 noter que le prix du forfait varie selon la date et le nombre d&rsquo;invit\u00e9s pr\u00e9sents.<br \/>\nS.V.P. me contacter pour ainsi recevoir une estimation et proposition d\u00e9taill\u00e9e selon vos besoins.\u00a0<\/strong><\/p>\n<p><strong>LE\u00a0<\/strong><b>FORFAIT DE C\u00c9R\u00c9MONIE DE MARIAGE INTIME \u00c0 QU\u00c9BEC:<\/b><\/p>\n<p><b>Inclus\u00a0: <\/b><\/p>\n<ul>\n<li><b>La s\u00e9lection du site o\u00f9 se d\u00e9roulera votre c\u00e9r\u00e9monie\u00a0:<\/b>\n<ul>\n<li>La terrasse Pierre-Dugua-De Mons situ\u00e9e sur les plaines d&rsquo;Abraham. Cet emplacement offre une vue panoramique imprenable sur le Fleuve Saint-Laurent, la c\u00e9l\u00e8bre terrasse Dufferin et le majestueux Fairmont Le Ch\u00e2teau Frontenac.<\/li>\n<li><a href=\"http:\/\/www.ccbn-nbc.gc.ca\/_fr\/jeannedarc.php\" target=\"_blank\" rel=\"noopener noreferrer\">Le Jardin Jeanne d&rsquo;Arc<\/a> situ\u00e9 sur les plaines d\u2019Abraham. Cr\u00e9\u00e9 en 1938 par l&rsquo;architecte-paysagiste Louis Perron, ce jardin est l\u2019un des plus beaux de la ville de Qu\u00e9bec en alliant le style classique fran\u00e7ais au style britannique. Plus de 150 esp\u00e8ces de fleurs parfumeront l\u2019\u00e9change de vos v\u0153ux du mois d\u2019avril au mois d\u2019octobre.<\/li>\n<li>Une c\u00e9r\u00e9monie au Fairmont Le Ch\u00e2teau Frontenac dans l\u2019un des somptueux salons priv\u00e9s offrant une splendide vue du Vieux-Qu\u00e9bec et du Fleuve Saint-Laurent.<\/li>\n<li>Si vous optez pour une c\u00e9r\u00e9monie ext\u00e9rieure, en cas de pluie, votre union serait c\u00e9l\u00e9br\u00e9e au Ch\u00e2teau Frontenac.<\/li>\n<\/ul>\n<\/li>\n<li><b>Ameublement\u00a0:<\/b>\n<ul>\n<li>Chaises classiques et \u00e9l\u00e9gantes en bois blanc ou chaises Chiavary brun fonc\u00e9 avec un voilage de dentelle blanc classique.<\/li>\n<li>Une table en vue de la signature des documents juridiques qui seront sign\u00e9s par les mari\u00e9s et leurs t\u00e9moins.<\/li>\n<\/ul>\n<\/li>\n<li><b>Fleurs\u00a0:\u00a0<\/b>\n<ul>\n<li>Un talentueux designer floral personnalisera le bouquet de la mari\u00e9e et la boutonni\u00e8re du mari\u00e9. Si vous avez des invit\u00e9s pr\u00e9sents, nous pourrons alors commander, au besoin, des bouquets et des boutonni\u00e8res pour votre cort\u00e8ge nuptial.<\/li>\n<\/ul>\n<\/li>\n<li><b>La pr\u00e9sence d\u2019un violoniste :\u00a0<\/b>\n<ul>\n<li>Un violoniste professionnel sera pr\u00e9sent lors de votre c\u00e9r\u00e9monie de 30 minutes. Ce dernier propose un r\u00e9pertoire musical complet. Veuillez nous faire part de vos pr\u00e9f\u00e9rences ou de toutes demandes sp\u00e9ciales!<\/li>\n<\/ul>\n<\/li>\n<li><b>La c\u00e9r\u00e9monie de votre mariage :<\/b>\n<ul>\n<li>Un c\u00e9l\u00e9brant de mariage bilingue, dot\u00e9 de plus de 15 ann\u00e9es d&rsquo;exp\u00e9rience c\u00e9l\u00e8brera votre union civile. Le c\u00e9l\u00e9brant saura cr\u00e9er, selon vos attentes, une c\u00e9r\u00e9monie personnalis\u00e9e \u00e0 caract\u00e8re civil ou religieux, et assurera les suivis et l&rsquo;enregistrement civil aupr\u00e8s du gouvernement du Qu\u00e9bec. Au besoin, si le couple n\u2019est pas accompagn\u00e9 d\u2019invit\u00e9s, deux t\u00e9moins seront pr\u00e9sents tel que requis par la loi.<\/li>\n<\/ul>\n<\/li>\n<li><b>S\u00e9ance de photos de mariage\u00a0:<\/b>\n<ul>\n<li>Un photographe de mariage professionnel sera pr\u00e9sent pour une s\u00e9ance de deux heures. Il prendra des photos de la c\u00e9r\u00e9monie et vous accompagnera pendant 90 minutes \u00e0 la suite de la c\u00e9r\u00e9monie. Cette s\u00e9ance de photo se tiendra avec les mari\u00e9s dans divers sites charmants du Vieux-Qu\u00e9bec et du Ch\u00e2teau Frontenac.<\/li>\n<li>50 photos seront retouch\u00e9es. Moyennant un l\u00e9ger suppl\u00e9ment, il est possible de prolonger \u00a0la dur\u00e9e de la s\u00e9ance et obtenir plus de photos retouch\u00e9es.<\/li>\n<\/ul>\n<\/li>\n<\/ul>\n<p>____________________________________<\/p>\n<p><b>Quelques ajouts possibles \u00e0 ce forfait\u00a0: <\/b><\/p>\n<ul>\n<li>Une all\u00e9e de c\u00e9r\u00e9monie recouverte de p\u00e9tales de fleurs<\/li>\n<li>\u00c9change de v\u0153ux sous un huppah fleurie<\/li>\n<li>Si vous appr\u00e9ciez moins la musique classique, pourquoi ne pas confirmer un trio de jazz pour ainsi entendre vos pi\u00e8ces pr\u00e9f\u00e9r\u00e9es lors de votre c\u00e9r\u00e9monie<\/li>\n<li>Pour unir votre destin\u00e9e\u2026 Une c\u00e9r\u00e9monie en soir\u00e9e au c\u0153ur du jardin Jeanne d&rsquo;Arc au son des Nocturnes qui sont \u00e9vocateurs de la nuit. Imaginez quelques notes de Debussy, Chopin, Mozart lors de l\u2019\u00e9change vos v\u0153ux sous le clair de lune \u00e0 la lueur de chandelles<\/li>\n<li>Divers soins, services de coiffure et maquillage \u00e0 l\u2019Institut PAYOT du Ch\u00e2teau Frontenac<\/li>\n<li>Location d&rsquo;une Rolls Royce ou d\u2019une limousine avec un chauffeur pour la journ\u00e9e afin de visiter la belle r\u00e9gion de Qu\u00e9bec et de l\u2019\u00eele d\u2019Orl\u00e9ans<\/li>\n<li>Tourn\u00e9e gourmande du Vieux-Qu\u00e9bec\u00a0: au fil des ann\u00e9es, les Qu\u00e9b\u00e9cois ont su int\u00e9grer \u00e0 leur cuisine des influences am\u00e9rindiennes, britanniques et fran\u00e7aises.\u00a0Le\u00a0Parcours des saveurs vous propose de d\u00e9couvrir ces diff\u00e9rentes traditions culinaires, mais aussi culturelles du Qu\u00e9bec. Au cours de cette visite \u00e0 pied, vous pourrez appr\u00e9cier les\u00a0ar\u00f4mes typiques et locaux\u00a0d\u2019un ensemble de commerces. Au menu : vins,\u00a0chocolats,\u00a0fromages,\u00a0boulangerie,\u00a0cr\u00eapes\u00a0et plusieurs surprises. <b>\u00a0<\/b>Dur\u00e9e\u00a0: 2 h 30<\/li>\n<li>Tourn\u00e9e en h\u00e9licopt\u00e8re de la r\u00e9gion de Qu\u00e9bec<\/li>\n<li>Un panier de piqueniques pour deux \u00e0 d\u00e9guster dans l\u2019un des nombreux parcs romantiques du Vieux-Qu\u00e9bec<\/li>\n<li>Confection de votre g\u00e2teau de noces par la chef p\u00e2tissi\u00e8re du Ch\u00e2teau selon le style et la saveur que vous d\u00e9sirez.<\/li>\n<\/ul>\n<p>Veuillez communiquer avec moi afin de commencer la planification de votre c\u00e9r\u00e9monie sous la forme d\u2019un forfait escapade nuptial ainsi que du programme de cette journ\u00e9e importante.<\/p>\n<p><b>\u00a0<\/b><\/p>\n<p><b>\u00a0\u00a0 \u00a0<\/b><\/p>\n<p><b>\u00a0<\/b><\/p>\n<p><b>\u00a0<\/b><b><br \/>\n<\/b><\/p>\n<p><a href=\"\/\/www.pinterest.com\/pin\/create\/button\/\" data-pin-do=\"buttonBookmark\" data-pin-color=\"red\" data-pin-height=\"128\"><img decoding=\"async\" src=\"\/\/assets.pinterest.com\/images\/pidgets\/pinit_fg_en_rect_red_28.png\" \/><\/a><\/p>","protected":false},"excerpt":{"rendered":"<p>C\u2019est avec plaisir que je cr\u00e9erai pour vous une c\u00e9r\u00e9monie  [&#8230;]<\/p>\n","protected":false},"author":1,"featured_media":0,"parent":2356,"menu_order":0,"comment_status":"closed","ping_status":"closed","template":"","meta":{"footnotes":""},"class_list":["post-2366","page","type-page","status-publish","hentry"],"aioseo_notices":[],"_links":{"self":[{"href":"https:\/\/isabelleradford.com\/fr\/wp-json\/wp\/v2\/pages\/2366","targetHints":{"allow":["GET"]}}],"collection":[{"href":"https:\/\/isabelleradford.com\/fr\/wp-json\/wp\/v2\/pages"}],"about":[{"href":"https:\/\/isabelleradford.com\/fr\/wp-json\/wp\/v2\/types\/page"}],"author":[{"embeddable":true,"href":"https:\/\/isabelleradford.com\/fr\/wp-json\/wp\/v2\/users\/1"}],"replies":[{"embeddable":true,"href":"https:\/\/isabelleradford.com\/fr\/wp-json\/wp\/v2\/comments?post=2366"}],"version-history":[{"count":1,"href":"https:\/\/isabelleradford.com\/fr\/wp-json\/wp\/v2\/pages\/2366\/revisions"}],"predecessor-version":[{"id":8619,"href":"https:\/\/isabelleradford.com\/fr\/wp-json\/wp\/v2\/pages\/2366\/revisions\/8619"}],"up":[{"embeddable":true,"href":"https:\/\/isabelleradford.com\/fr\/wp-json\/wp\/v2\/pages\/2356"}],"wp:attachment":[{"href":"https:\/\/isabelleradford.com\/fr\/wp-json\/wp\/v2\/media?parent=2366"}],"curies":[{"name":"wp","href":"https:\/\/api.w.org\/{rel}","templated":true}]}}