{"id":2364,"date":"2013-04-27T13:38:01","date_gmt":"2013-04-27T17:38:01","guid":{"rendered":"https:\/\/isabelleradford.com\/planification-de-votre-mariage"},"modified":"2013-04-27T13:38:01","modified_gmt":"2013-04-27T17:38:01","slug":"planification-de-votre-mariage","status":"publish","type":"page","link":"https:\/\/isabelleradford.com\/fr\/mes-services\/planification-de-votre-mariage\/","title":{"rendered":"Planification de votre mariage"},"content":{"rendered":"<p><a href=\"https:\/\/isabelleradford.com\/wp-content\/uploads\/2013\/05\/IMG_1481.jpg\"><img decoding=\"async\" class=\"alignnone size-large wp-image-675\" alt=\"IMG_1481\" src=\"https:\/\/isabelleradford.com\/wp-content\/uploads\/2013\/05\/IMG_1481-1024x682.jpg\" width=\"1000\" height=\"666\" srcset=\"https:\/\/isabelleradford.com\/wp-content\/uploads\/2013\/05\/IMG_1481-300x200.jpg 300w, https:\/\/isabelleradford.com\/wp-content\/uploads\/2013\/05\/IMG_1481-1024x682.jpg 1024w\" sizes=\"(max-width: 1000px) 100vw, 1000px\" \/><\/a>FORFAIT COMPLET\u00a0: mariage zen, heureux et sans stress!<\/p>\n<p>INCLUS\u00a0:<\/p>\n<p>Les conseils :<\/p>\n<ul>\n<li>choix du lieu de votre c\u00e9r\u00e9monie civile, c\u00e9l\u00e9brant ou choix de l&rsquo;\u00e9glise en vue de votre c\u00e9r\u00e9monie religieuse<\/li>\n<li>choix du site de votre r\u00e9ception<\/li>\n<li>v\u00e9rification des disponibilit\u00e9s des lieux, sites des c\u00e9r\u00e9monies et \u00e9glises<\/li>\n<li>visite des lieux en vue de votre c\u00e9r\u00e9monie et r\u00e9ception<\/li>\n<li>confirmation de talentueux prestataires d\u2019exp\u00e9rience tels : les d\u00e9cors et arrangements floraux, l\u2019animation, transport, tout en respectant le budget fix\u00e9 par les futurs mari\u00e9s<\/li>\n<li>confirmation des divers rendez-vous le jour avant le mariage ainsi que le jour du mariage tels que\u00a0:\n<ul>\n<li>coiffure nuptiale et maquillage<\/li>\n<li>spa<\/li>\n<li>r\u00e9p\u00e9tition de la c\u00e9r\u00e9monie<\/li>\n<\/ul>\n<\/li>\n<li>confirmation du s\u00e9jour des mari\u00e9s et invit\u00e9s, tarif des chambres et r\u00e9servation<\/li>\n<li>conseils sur l\u2019\u00e9tiquette mariage, d\u00e9corum lors de votre c\u00e9r\u00e9monie et r\u00e9ception, discours<\/li>\n<\/ul>\n<p>L\u2019organisation :<\/p>\n<ul>\n<li>conception du programme d\u00e9taill\u00e9 du grand jour\u00a0: la premi\u00e8re \u00e9tape cruciale en planification mariage la planification d\u2019un budget d\u00e9taill\u00e9<\/li>\n<li>la gestion de l\u2019assignation aux tables pour que l\u2019harmonie soit au rendez-vous!<\/li>\n<li>le choix d\u2019un menu cr\u00e9atif et con\u00e7u selon vos pr\u00e9f\u00e9rences culinaires (cocktail, repas, menu de fin de soir\u00e9e, g\u00e2teau de noces ainsi que la s\u00e9lection des vins et alcools servis)<\/li>\n<li>pr\u00e9sence lors de la d\u00e9gustation du menu en cuisine<\/li>\n<li>suivis en ce qui a trait aux restrictions alimentaires et choix d\u2019options pour ces invit\u00e9s<\/li>\n<li>coordination de la cr\u00e9ation des faire-part et des cartes de remerciements (frais de conception et d\u2019impression non inclus).<\/li>\n<\/ul>\n<p>La coordination sur place\u00a0:<\/p>\n<ul>\n<li>le jour avant la noce : rencontre de finalisation sur le lieu m\u00eame de votre r\u00e9ception<\/li>\n<li>r\u00e9vision de votre programme d\u00e9taill\u00e9<\/li>\n<\/ul>\n<p>Le grand jour\u00a0:<\/p>\n<ul>\n<li>supervision des invit\u00e9s et des prestataires<\/li>\n<li>accompagnement des mari\u00e9s tout au long de la journ\u00e9e<\/li>\n<\/ul>\n<p>_______________________<\/p>\n<p>ASSISTANCE SELON VOS BESOINS&#8230;<\/p>\n<p>LA RECHERCHE DES LIEUX ET DIVERS PRESTATAIRES.<\/p>\n<p>INCLUS\u00a0:<\/p>\n<ul>\n<li>v\u00e9rification des disponibilit\u00e9s des lieux, sites des c\u00e9r\u00e9monies et \u00e9glises<\/li>\n<li>visite des lieux en vue de votre c\u00e9r\u00e9monie de votre r\u00e9ception<\/li>\n<li>choix du lieu de votre c\u00e9r\u00e9monie civile ou religieuse<\/li>\n<li>choix du site de votre r\u00e9ception<\/li>\n<li>conception du plan de la salle<\/li>\n<li>suggestion de talentueux prestataires d\u2019exp\u00e9rience\u00a0: le d\u00e9cor et les arrangements floraux ainsi que l\u2019animation musicale tout en respectant le budget fix\u00e9 par les futurs mari\u00e9s<\/li>\n<\/ul>\n<p>_________________________<\/p>\n<p>LA PLANIFICATION.<\/p>\n<p>INCLUS\u00a0:<\/p>\n<ul>\n<li>conception du programme d\u00e9taill\u00e9 du grand jour\u00a0: la premi\u00e8re \u00e9tape cruciale en planification mariage<\/li>\n<li>la planification d\u2019un budget d\u00e9taill\u00e9<\/li>\n<li>la gestion de l\u2019assignation aux tables pour que l\u2019harmonie soit au rendez-vous!<\/li>\n<li>le choix d\u2019un menu cr\u00e9atif et con\u00e7u selon vos pr\u00e9f\u00e9rences culinaires (cocktail, repas, menu de fin de soir\u00e9e, le g\u00e2teau de noce ainsi que la s\u00e9lection des vins et alcools servis)<\/li>\n<li>pr\u00e9sence lors de la d\u00e9gustation du menu en cuisine<\/li>\n<li>suivis en ce qui a trait aux restrictions alimentaires et choix d\u2019options pour ces invit\u00e9s<\/li>\n<li>conseils sur l\u2019\u00e9tiquette mariage, d\u00e9corum lors de votre c\u00e9r\u00e9monie et r\u00e9ception, discours.<\/li>\n<\/ul>\n<p>____________________________<br \/>\nLA COORDINATION SUR PLACE.<\/p>\n<p>Inclus:<\/p>\n<p>Le jour avant le mariage&#8230;<\/p>\n<ul>\n<li>rencontre de finalisation sur le lieu m\u00eame de votre r\u00e9ception.<\/li>\n<li>r\u00e9vision de votre programme d\u00e9taill\u00e9e<\/li>\n<\/ul>\n<p>Le grand jour&#8230;<\/p>\n<ul>\n<li>supervision des invit\u00e9s et des prestataires.<\/li>\n<li>accompagnement des mari\u00e9s tout au long de la journ\u00e9e.<\/li>\n<\/ul>\n<p>__________________________<\/p>\n<p>\u00c9COUTE, DISCUSSIONS ET CONSEILS&#8230;<\/p>\n<p>Je suis disponible pour vous rencontrer ou pour discuter via une conf\u00e9rence t\u00e9l\u00e9phonique ou skype selon votre disponibilit\u00e9. \u00a0La premi\u00e8re rencontre ou discussion vous est offerte \u00e0 titre gracieux.<\/p>\n<p><a href=\"\/\/www.pinterest.com\/pin\/create\/button\/\" data-pin-do=\"buttonBookmark\" data-pin-color=\"red\" data-pin-height=\"128\"><img decoding=\"async\" src=\"\/\/assets.pinterest.com\/images\/pidgets\/pinit_fg_en_rect_red_28.png\" \/><\/a><\/p>","protected":false},"excerpt":{"rendered":"<p>FORFAIT COMPLET\u00a0: mariage zen, heureux et sans stress! INCLUS\u00a0: Les  [&#8230;]<\/p>\n","protected":false},"author":1,"featured_media":0,"parent":2356,"menu_order":0,"comment_status":"closed","ping_status":"closed","template":"","meta":{"footnotes":""},"class_list":["post-2364","page","type-page","status-publish","hentry"],"aioseo_notices":[],"_links":{"self":[{"href":"https:\/\/isabelleradford.com\/fr\/wp-json\/wp\/v2\/pages\/2364","targetHints":{"allow":["GET"]}}],"collection":[{"href":"https:\/\/isabelleradford.com\/fr\/wp-json\/wp\/v2\/pages"}],"about":[{"href":"https:\/\/isabelleradford.com\/fr\/wp-json\/wp\/v2\/types\/page"}],"author":[{"embeddable":true,"href":"https:\/\/isabelleradford.com\/fr\/wp-json\/wp\/v2\/users\/1"}],"replies":[{"embeddable":true,"href":"https:\/\/isabelleradford.com\/fr\/wp-json\/wp\/v2\/comments?post=2364"}],"version-history":[{"count":0,"href":"https:\/\/isabelleradford.com\/fr\/wp-json\/wp\/v2\/pages\/2364\/revisions"}],"up":[{"embeddable":true,"href":"https:\/\/isabelleradford.com\/fr\/wp-json\/wp\/v2\/pages\/2356"}],"wp:attachment":[{"href":"https:\/\/isabelleradford.com\/fr\/wp-json\/wp\/v2\/media?parent=2364"}],"curies":[{"name":"wp","href":"https:\/\/api.w.org\/{rel}","templated":true}]}}