{"id":2362,"date":"2013-04-27T13:36:53","date_gmt":"2013-04-27T17:36:53","guid":{"rendered":"https:\/\/isabelleradford.com\/ceremonie-union-civile-exigences"},"modified":"2018-03-26T13:02:02","modified_gmt":"2018-03-26T17:02:02","slug":"ceremonie-union-civile-exigences","status":"publish","type":"page","link":"https:\/\/isabelleradford.com\/fr\/mes-services\/ceremonie-union-civile-exigences\/","title":{"rendered":"C\u00e9r\u00e9monie du mariage, union civile &#8211; \u00e9xigences"},"content":{"rendered":"<p><strong>C\u00c9R\u00c9MONIE d\u2019une UNION CIVILE<\/strong><\/p>\n<p>Veuillez noter que votre mariage sera reconnu civilement et enregistr\u00e9 aupr\u00e8s du Directeur de l&rsquo;\u00e9tat civil (gouvernement du Qu\u00e9bec). Si vous le d\u00e9sirez, \u00e0 la suite de la c\u00e9r\u00e9monie, vous pourrez commander un certificat de mariage officiel. Ce dernier sera \u00e9galement reconnu par votre province, \u00e9tat ou pays de r\u00e9sidence.<\/p>\n<p>Avant de proc\u00e9der \u00e0 la c\u00e9r\u00e9monie du mariage, le c\u00e9l\u00e9brant doit faire conna\u00eetre l\u2019intention des futurs \u00e9poux de se marier. Pour ce faire, il doit afficher, pendant une p\u00e9riode de 20\u00a0jours avant la date du mariage, l&rsquo;avis de mariage \u00e0 l\u2019endroit o\u00f9 se d\u00e9roulera la c\u00e9r\u00e9monie.\u00a0<strong>Prendre note qu&rsquo;il est possible d\u2019obtenir une dispense de publication.<\/strong><\/p>\n<p>Afin d&rsquo;\u00e9tablir votre dossier, le c\u00e9l\u00e9brant aura besoin d&rsquo;une copie de vos actes de naissance, ainsi que de divorce ou de d\u00e9c\u00e8s du conjoint, si tel est le cas.\u00a0D&rsquo;autres informations personnelles devront aussi lui \u00eatre fournies pour compl\u00e9ter le tout.<\/p>\n<p>Il n&rsquo;est pas requis de se procurer un permis de mariage ou de passer un test sanguin pour ainsi pouvoir se marier au Qu\u00e9bec.<\/p>\n<p>Au Qu\u00e9bec, toutes personnes souhaitant faire vie commune peuvent se marier civilement, qu\u2019elles soient de sexe diff\u00e9rent ou de m\u00eame sexe.<\/p>\n<p>Le mariage civil et le mariage religieux ont la m\u00eame valeur<b> <\/b>juridique et soumettent les \u00e9poux aux m\u00eames obligations et aux m\u00eames responsabilit\u00e9s.<\/p>\n<p>Isabelle Radford confirmera pour vous la disponibilit\u00e9 d&rsquo;un c\u00e9l\u00e9brant. Celui-ci communiquera avec vous dans les meilleurs d\u00e9lais pour ainsi cr\u00e9er\u00a0une c\u00e9r\u00e9monie unique \u00e0 vous.<br \/>\nIl assurera \u00e9galement le volet l\u00e9gal.<\/p>\n<div>\n<hr align=\"left\" size=\"1\" width=\"33%\" \/>\n<div><\/div>\n<\/div>\n<p><a href=\"\/\/www.pinterest.com\/pin\/create\/button\/\" data-pin-do=\"buttonBookmark\" data-pin-color=\"red\" data-pin-height=\"128\"><img decoding=\"async\" src=\"\/\/assets.pinterest.com\/images\/pidgets\/pinit_fg_en_rect_red_28.png\" \/><\/a><\/p>","protected":false},"excerpt":{"rendered":"<p>C\u00c9R\u00c9MONIE d\u2019une UNION CIVILE Veuillez noter que votre mariage sera  [&#8230;]<\/p>\n","protected":false},"author":1,"featured_media":8603,"parent":2356,"menu_order":0,"comment_status":"closed","ping_status":"closed","template":"","meta":{"footnotes":""},"class_list":["post-2362","page","type-page","status-publish","has-post-thumbnail","hentry"],"aioseo_notices":[],"_links":{"self":[{"href":"https:\/\/isabelleradford.com\/fr\/wp-json\/wp\/v2\/pages\/2362","targetHints":{"allow":["GET"]}}],"collection":[{"href":"https:\/\/isabelleradford.com\/fr\/wp-json\/wp\/v2\/pages"}],"about":[{"href":"https:\/\/isabelleradford.com\/fr\/wp-json\/wp\/v2\/types\/page"}],"author":[{"embeddable":true,"href":"https:\/\/isabelleradford.com\/fr\/wp-json\/wp\/v2\/users\/1"}],"replies":[{"embeddable":true,"href":"https:\/\/isabelleradford.com\/fr\/wp-json\/wp\/v2\/comments?post=2362"}],"version-history":[{"count":3,"href":"https:\/\/isabelleradford.com\/fr\/wp-json\/wp\/v2\/pages\/2362\/revisions"}],"predecessor-version":[{"id":8607,"href":"https:\/\/isabelleradford.com\/fr\/wp-json\/wp\/v2\/pages\/2362\/revisions\/8607"}],"up":[{"embeddable":true,"href":"https:\/\/isabelleradford.com\/fr\/wp-json\/wp\/v2\/pages\/2356"}],"wp:featuredmedia":[{"embeddable":true,"href":"https:\/\/isabelleradford.com\/fr\/wp-json\/wp\/v2\/media\/8603"}],"wp:attachment":[{"href":"https:\/\/isabelleradford.com\/fr\/wp-json\/wp\/v2\/media?parent=2362"}],"curies":[{"name":"wp","href":"https:\/\/api.w.org\/{rel}","templated":true}]}}