{"id":2360,"date":"2013-04-27T13:34:53","date_gmt":"2013-04-27T17:34:53","guid":{"rendered":"https:\/\/isabelleradford.com\/la-demande-en-mariage"},"modified":"2013-04-27T13:34:53","modified_gmt":"2013-04-27T17:34:53","slug":"la-demande-en-mariage","status":"publish","type":"page","link":"https:\/\/isabelleradford.com\/fr\/mes-services\/la-demande-en-mariage\/","title":{"rendered":"La demande en mariage !"},"content":{"rendered":"<p><a href=\"https:\/\/isabelleradford.com\/wp-content\/uploads\/2013\/05\/1212-15-5957-terrasse-chateau-ok-2.jpg\"><img decoding=\"async\" class=\"alignnone size-large wp-image-690\" alt=\"1212-15-5957-terrasse-chateau-ok (2)\" src=\"https:\/\/isabelleradford.com\/wp-content\/uploads\/2013\/05\/1212-15-5957-terrasse-chateau-ok-2-1024x593.jpg\" width=\"1000\" height=\"579\" srcset=\"https:\/\/isabelleradford.com\/wp-content\/uploads\/2013\/05\/1212-15-5957-terrasse-chateau-ok-2-300x173.jpg 300w, https:\/\/isabelleradford.com\/wp-content\/uploads\/2013\/05\/1212-15-5957-terrasse-chateau-ok-2-1024x593.jpg 1024w, https:\/\/isabelleradford.com\/wp-content\/uploads\/2013\/05\/1212-15-5957-terrasse-chateau-ok-2.jpg 1920w\" sizes=\"(max-width: 1000px) 100vw, 1000px\" \/><\/a><\/p>\n<p><strong>La demande en mariage se doit d&rsquo;\u00eatre unique \u00e0 vous et m\u00e9morable!<\/strong><\/p>\n<p>J&rsquo;ai toujours beaucoup aim\u00e9 cr\u00e9er des sc\u00e9narios \u00e0 partir de petits riens, des petites touches de ceci et de cela qui, lorsque r\u00e9unis, prennent tout leur sens!<\/p>\n<p>Il en est de m\u00eame lorsque je con\u00e7ois un sc\u00e9nario de demande en mariage\u00a0: pour moi, chaque demande est tel un film de r\u00e9pertoire o\u00f9 plusieurs \u00e9l\u00e9ments sont introduits pour ainsi mettre en sc\u00e8ne cet instant important de votre vie. Pour ainsi s&rsquo;assurer que l&rsquo;intrigue, la surprise et l&rsquo;\u00e9motion soient aux rendez-vous, certaines attentions se veulent essentielles.<\/p>\n<p>Voici mon ABC qui nous escortera au D pour Demande.<\/p>\n<p>A- LE LIEU\u00a0:<br \/>\nUn lieu inattendu, romantique \u00e0 souhait o\u00f9 il vous faudra retourner au fil des ans pour ainsi vous rem\u00e9morer ce OUI je le veux!<br \/>\nJ&rsquo;ai personnellement un faible pour certains lieux ext\u00e9rieurs qui trop souvent passent inaper\u00e7us, mais deviennent enchanteurs et d&rsquo;une grande \u00e9l\u00e9gance lors d&rsquo;une l\u00e9g\u00e8re transformation.<\/p>\n<p>B &#8211; AMBIANCE\u00a0:<br \/>\nAjouter quelques touches au d\u00e9cor, que ce soit un \u00e9clairage subtil pour ainsi rehausser la beaut\u00e9 cach\u00e9e d&rsquo;un lieu ou une certaine pi\u00e8ce de musique qui saura s&rsquo;immiscer \u00e0 m\u00eame le d\u00e9voilement de votre grand jeu.<\/p>\n<p>C- \u00a0CHAMPAGNE<br \/>\nUn excellent champagne. Ce dernier point demeure sans explication !<\/p>\n<p>N&rsquo;h\u00e9sitez pas \u00e0 communiquer avec moi pour ainsi commencer la cr\u00e9ation de votre sc\u00e9nario!<br \/>\nIsabelle<\/p>\n<p><a href=\"\/\/www.pinterest.com\/pin\/create\/button\/\" data-pin-do=\"buttonBookmark\" data-pin-color=\"red\" data-pin-height=\"128\"><img decoding=\"async\" src=\"\/\/assets.pinterest.com\/images\/pidgets\/pinit_fg_en_rect_red_28.png\" \/><\/a><\/p>","protected":false},"excerpt":{"rendered":"<p>La demande en mariage se doit d&rsquo;\u00eatre unique \u00e0 vous  [&#8230;]<\/p>\n","protected":false},"author":1,"featured_media":0,"parent":2356,"menu_order":0,"comment_status":"closed","ping_status":"closed","template":"portfolio-one-column-text.php","meta":{"footnotes":""},"class_list":["post-2360","page","type-page","status-publish","hentry"],"aioseo_notices":[],"_links":{"self":[{"href":"https:\/\/isabelleradford.com\/fr\/wp-json\/wp\/v2\/pages\/2360","targetHints":{"allow":["GET"]}}],"collection":[{"href":"https:\/\/isabelleradford.com\/fr\/wp-json\/wp\/v2\/pages"}],"about":[{"href":"https:\/\/isabelleradford.com\/fr\/wp-json\/wp\/v2\/types\/page"}],"author":[{"embeddable":true,"href":"https:\/\/isabelleradford.com\/fr\/wp-json\/wp\/v2\/users\/1"}],"replies":[{"embeddable":true,"href":"https:\/\/isabelleradford.com\/fr\/wp-json\/wp\/v2\/comments?post=2360"}],"version-history":[{"count":0,"href":"https:\/\/isabelleradford.com\/fr\/wp-json\/wp\/v2\/pages\/2360\/revisions"}],"up":[{"embeddable":true,"href":"https:\/\/isabelleradford.com\/fr\/wp-json\/wp\/v2\/pages\/2356"}],"wp:attachment":[{"href":"https:\/\/isabelleradford.com\/fr\/wp-json\/wp\/v2\/media?parent=2360"}],"curies":[{"name":"wp","href":"https:\/\/api.w.org\/{rel}","templated":true}]}}